{"id":92,"date":"2025-10-20T10:18:49","date_gmt":"2025-10-20T10:18:49","guid":{"rendered":"https:\/\/146.edukovac.xyz\/?page_id=92"},"modified":"2025-10-21T10:24:59","modified_gmt":"2025-10-21T10:24:59","slug":"kontakt","status":"publish","type":"page","link":"https:\/\/146.edukovac.xyz\/index.php\/kontakt\/","title":{"rendered":"Kontakt"},"content":{"rendered":"\t\t<div data-elementor-type=\"wp-page\" data-elementor-id=\"92\" class=\"elementor elementor-92\" data-elementor-post-type=\"page\">\n\t\t\t\t<div class=\"elementor-element elementor-element-637df476 e-con-full e-flex e-con e-parent\" data-id=\"637df476\" data-element_type=\"container\">\n\t\t<div class=\"elementor-element elementor-element-68522ac7 e-con-full e-flex e-con e-child\" data-id=\"68522ac7\" data-element_type=\"container\">\n\t\t<div class=\"elementor-element elementor-element-3878d073 e-con-full e-flex e-con e-child\" data-id=\"3878d073\" data-element_type=\"container\">\n\t\t<div class=\"elementor-element elementor-element-78ef585f e-flex e-con-boxed e-con e-child\" data-id=\"78ef585f\" data-element_type=\"container\">\n\t\t\t\t\t<div class=\"e-con-inner\">\n\t\t\t\t<div class=\"elementor-element elementor-element-d0520c0 elementor-widget__width-initial elementor-widget elementor-widget-text-editor\" data-id=\"d0520c0\" data-element_type=\"widget\" data-widget_type=\"text-editor.default\">\n\t\t\t\t\t\t\t\t\t<h2>\u00a0<\/h2><h2><strong>KONTAKTIRAJTE \u00a0NAS\u00a0\u00a0<\/strong><\/h2><h2><strong>+381 66 258 2555<\/strong><\/h2><h2><strong>receptimojebake@gmail.com<\/strong><\/h2>\t\t\t\t\t\t\t\t<\/div>\n\t\t\t\t\t<\/div>\n\t\t\t\t<\/div>\n\t\t\t\t<\/div>\n\t\t\t\t<\/div>\n\t\t\t\t<\/div>\n\t\t<div class=\"elementor-element elementor-element-6fcf997 e-flex e-con-boxed e-con e-parent\" data-id=\"6fcf997\" data-element_type=\"container\" data-settings=\"{&quot;background_background&quot;:&quot;classic&quot;}\">\n\t\t\t\t\t<div class=\"e-con-inner\">\n\t\t<div class=\"elementor-element elementor-element-2ea787da e-con-full e-flex e-con e-child\" data-id=\"2ea787da\" data-element_type=\"container\">\n\t\t\t\t<div class=\"elementor-element elementor-element-6b24e452 elementor-widget elementor-widget-heading\" data-id=\"6b24e452\" data-element_type=\"widget\" data-widget_type=\"heading.default\">\n\t\t\t\t\t<h6 class=\"elementor-heading-title elementor-size-default\">Find Us<\/h6>\t\t\t\t<\/div>\n\t\t\t\t<div class=\"elementor-element elementor-element-46f39739 elementor-headline--style-highlight elementor-invisible elementor-widget elementor-widget-animated-headline\" data-id=\"46f39739\" data-element_type=\"widget\" data-settings=\"{&quot;marker&quot;:&quot;underline&quot;,&quot;_animation&quot;:&quot;fadeInUp&quot;,&quot;headline_style&quot;:&quot;highlight&quot;,&quot;highlight_animation_duration&quot;:1200}\" data-widget_type=\"animated-headline.default\">\n\t\t\t\t<div class=\"elementor-widget-container\">\n\t\t\t\t\t\t\t<h2 class=\"elementor-headline\">\n\t\t\t\t\t<span class=\"elementor-headline-plain-text elementor-headline-text-wrapper\">GDE DA NAS NA\u0110ETE<\/span>\n\t\t\t\t<span class=\"elementor-headline-dynamic-wrapper elementor-headline-text-wrapper\">\n\t\t\t\t<\/span>\n\t\t\t\t<\/h2>\n\t\t\t\t\t\t<\/div>\n\t\t\t\t<\/div>\n\t\t\t\t<div class=\"elementor-element elementor-element-7d5a85c6 elementor-widget elementor-widget-text-editor\" data-id=\"7d5a85c6\" data-element_type=\"widget\" data-widget_type=\"text-editor.default\">\n\t\t\t\t\t\t\t\t\t<p>Na\u0161e specijalne poslastice mo\u017eete poru\u010diti na slede\u0107oj adresi<\/p>\t\t\t\t\t\t\t\t<\/div>\n\t\t<div class=\"elementor-element elementor-element-791077 e-con-full e-flex e-con e-child\" data-id=\"791077\" data-element_type=\"container\" data-settings=\"{&quot;background_background&quot;:&quot;classic&quot;}\">\n\t\t<div class=\"elementor-element elementor-element-9d2f62d e-con-full animated-slow e-flex elementor-invisible e-con e-child\" data-id=\"9d2f62d\" data-element_type=\"container\" data-settings=\"{&quot;animation&quot;:&quot;fadeIn&quot;}\">\n\t\t\t\t<div class=\"elementor-element elementor-element-c064bf6 elementor-widget elementor-widget-google_maps\" data-id=\"c064bf6\" data-element_type=\"widget\" data-widget_type=\"google_maps.default\">\n\t\t\t\t\t\t\t<div class=\"elementor-custom-embed\">\n\t\t\t<iframe loading=\"lazy\"\n\t\t\t\t\tsrc=\"https:\/\/maps.google.com\/maps?q=Belgrade%20Rudi%20%C4%8Cajaveca%201&#038;t=m&#038;z=11&#038;output=embed&#038;iwloc=near\"\n\t\t\t\t\ttitle=\"Belgrade Rudi \u010cajaveca 1\"\n\t\t\t\t\taria-label=\"Belgrade Rudi \u010cajaveca 1\"\n\t\t\t><\/iframe>\n\t\t<\/div>\n\t\t\t\t\t\t<\/div>\n\t\t\t\t<div class=\"elementor-element elementor-element-531be696 elementor-align-center elementor-mobile-align-justify elementor-widget elementor-widget-button\" data-id=\"531be696\" data-element_type=\"widget\" data-widget_type=\"button.default\">\n\t\t\t\t\t\t\t\t\t\t<a class=\"elementor-button elementor-button-link elementor-size-sm\" href=\"#\">\n\t\t\t\t\t\t<span class=\"elementor-button-content-wrapper\">\n\t\t\t\t\t\t\t\t\t<span class=\"elementor-button-text\">Na\u0111ite nas ovde<\/span>\n\t\t\t\t\t<\/span>\n\t\t\t\t\t<\/a>\n\t\t\t\t\t\t\t\t<\/div>\n\t\t\t\t<\/div>\n\t\t\t\t<\/div>\n\t\t\t\t<\/div>\n\t\t\t\t\t<\/div>\n\t\t\t\t<\/div>\n\t\t\t\t<\/div>\n\t\t","protected":false},"excerpt":{"rendered":"<p>\u00a0 KONTAKTIRAJTE \u00a0NAS\u00a0\u00a0 +381 66 258 2555 receptimojebake@gmail.com Find Us GDE DA NAS NA\u0110ETE Na\u0161e specijalne poslastice mo\u017eete poru\u010diti na slede\u0107oj adresi Na\u0111ite nas ovde<\/p>\n","protected":false},"author":1,"featured_media":0,"parent":0,"menu_order":0,"comment_status":"closed","ping_status":"closed","template":"","meta":{"footnotes":""},"class_list":["post-92","page","type-page","status-publish","hentry"],"yoast_head":"<!-- This site is optimized with the Yoast SEO plugin v26.1.1 - https:\/\/yoast.com\/wordpress\/plugins\/seo\/ -->\n<title>Kontakt - Recepti moje bake<\/title>\n<meta name=\"robots\" content=\"index, follow, max-snippet:-1, max-image-preview:large, max-video-preview:-1\" \/>\n<link rel=\"canonical\" href=\"https:\/\/146.edukovac.xyz\/index.php\/kontakt\/\" \/>\n<meta property=\"og:locale\" content=\"en_US\" \/>\n<meta property=\"og:type\" content=\"article\" \/>\n<meta property=\"og:title\" content=\"Kontakt - Recepti moje bake\" \/>\n<meta property=\"og:description\" content=\"\u00a0 KONTAKTIRAJTE \u00a0NAS\u00a0\u00a0 +381 66 258 2555 receptimojebake@gmail.com Find Us GDE DA NAS NA\u0110ETE Na\u0161e specijalne poslastice mo\u017eete poru\u010diti na slede\u0107oj adresi Na\u0111ite nas ovde\" \/>\n<meta property=\"og:url\" content=\"https:\/\/146.edukovac.xyz\/index.php\/kontakt\/\" \/>\n<meta property=\"og:site_name\" content=\"Recepti moje bake\" \/>\n<meta property=\"article:modified_time\" content=\"2025-10-21T10:24:59+00:00\" \/>\n<meta name=\"twitter:card\" content=\"summary_large_image\" \/>\n<meta name=\"twitter:label1\" content=\"Est. reading time\" \/>\n\t<meta name=\"twitter:data1\" content=\"1 minute\" \/>\n<script type=\"application\/ld+json\" class=\"yoast-schema-graph\">{\"@context\":\"https:\/\/schema.org\",\"@graph\":[{\"@type\":\"WebPage\",\"@id\":\"https:\/\/146.edukovac.xyz\/index.php\/kontakt\/\",\"url\":\"https:\/\/146.edukovac.xyz\/index.php\/kontakt\/\",\"name\":\"Kontakt - Recepti moje bake\",\"isPartOf\":{\"@id\":\"http:\/\/146.edukovac.xyz\/#website\"},\"datePublished\":\"2025-10-20T10:18:49+00:00\",\"dateModified\":\"2025-10-21T10:24:59+00:00\",\"breadcrumb\":{\"@id\":\"https:\/\/146.edukovac.xyz\/index.php\/kontakt\/#breadcrumb\"},\"inLanguage\":\"en-US\",\"potentialAction\":[{\"@type\":\"ReadAction\",\"target\":[\"https:\/\/146.edukovac.xyz\/index.php\/kontakt\/\"]}]},{\"@type\":\"BreadcrumbList\",\"@id\":\"https:\/\/146.edukovac.xyz\/index.php\/kontakt\/#breadcrumb\",\"itemListElement\":[{\"@type\":\"ListItem\",\"position\":1,\"name\":\"Home\",\"item\":\"http:\/\/146.edukovac.xyz\/\"},{\"@type\":\"ListItem\",\"position\":2,\"name\":\"Kontakt\"}]},{\"@type\":\"WebSite\",\"@id\":\"http:\/\/146.edukovac.xyz\/#website\",\"url\":\"http:\/\/146.edukovac.xyz\/\",\"name\":\"Recepti moje bake\",\"description\":\"\",\"potentialAction\":[{\"@type\":\"SearchAction\",\"target\":{\"@type\":\"EntryPoint\",\"urlTemplate\":\"http:\/\/146.edukovac.xyz\/?s={search_term_string}\"},\"query-input\":{\"@type\":\"PropertyValueSpecification\",\"valueRequired\":true,\"valueName\":\"search_term_string\"}}],\"inLanguage\":\"en-US\"}]}<\/script>\n<!-- \/ Yoast SEO plugin. -->","yoast_head_json":{"title":"Kontakt - Recepti moje bake","robots":{"index":"index","follow":"follow","max-snippet":"max-snippet:-1","max-image-preview":"max-image-preview:large","max-video-preview":"max-video-preview:-1"},"canonical":"https:\/\/146.edukovac.xyz\/index.php\/kontakt\/","og_locale":"en_US","og_type":"article","og_title":"Kontakt - Recepti moje bake","og_description":"\u00a0 KONTAKTIRAJTE \u00a0NAS\u00a0\u00a0 +381 66 258 2555 receptimojebake@gmail.com Find Us GDE DA NAS NA\u0110ETE Na\u0161e specijalne poslastice mo\u017eete poru\u010diti na slede\u0107oj adresi Na\u0111ite nas ovde","og_url":"https:\/\/146.edukovac.xyz\/index.php\/kontakt\/","og_site_name":"Recepti moje bake","article_modified_time":"2025-10-21T10:24:59+00:00","twitter_card":"summary_large_image","twitter_misc":{"Est. reading time":"1 minute"},"schema":{"@context":"https:\/\/schema.org","@graph":[{"@type":"WebPage","@id":"https:\/\/146.edukovac.xyz\/index.php\/kontakt\/","url":"https:\/\/146.edukovac.xyz\/index.php\/kontakt\/","name":"Kontakt - Recepti moje bake","isPartOf":{"@id":"http:\/\/146.edukovac.xyz\/#website"},"datePublished":"2025-10-20T10:18:49+00:00","dateModified":"2025-10-21T10:24:59+00:00","breadcrumb":{"@id":"https:\/\/146.edukovac.xyz\/index.php\/kontakt\/#breadcrumb"},"inLanguage":"en-US","potentialAction":[{"@type":"ReadAction","target":["https:\/\/146.edukovac.xyz\/index.php\/kontakt\/"]}]},{"@type":"BreadcrumbList","@id":"https:\/\/146.edukovac.xyz\/index.php\/kontakt\/#breadcrumb","itemListElement":[{"@type":"ListItem","position":1,"name":"Home","item":"http:\/\/146.edukovac.xyz\/"},{"@type":"ListItem","position":2,"name":"Kontakt"}]},{"@type":"WebSite","@id":"http:\/\/146.edukovac.xyz\/#website","url":"http:\/\/146.edukovac.xyz\/","name":"Recepti moje bake","description":"","potentialAction":[{"@type":"SearchAction","target":{"@type":"EntryPoint","urlTemplate":"http:\/\/146.edukovac.xyz\/?s={search_term_string}"},"query-input":{"@type":"PropertyValueSpecification","valueRequired":true,"valueName":"search_term_string"}}],"inLanguage":"en-US"}]}},"_links":{"self":[{"href":"https:\/\/146.edukovac.xyz\/index.php\/wp-json\/wp\/v2\/pages\/92","targetHints":{"allow":["GET"]}}],"collection":[{"href":"https:\/\/146.edukovac.xyz\/index.php\/wp-json\/wp\/v2\/pages"}],"about":[{"href":"https:\/\/146.edukovac.xyz\/index.php\/wp-json\/wp\/v2\/types\/page"}],"author":[{"embeddable":true,"href":"https:\/\/146.edukovac.xyz\/index.php\/wp-json\/wp\/v2\/users\/1"}],"replies":[{"embeddable":true,"href":"https:\/\/146.edukovac.xyz\/index.php\/wp-json\/wp\/v2\/comments?post=92"}],"version-history":[{"count":4,"href":"https:\/\/146.edukovac.xyz\/index.php\/wp-json\/wp\/v2\/pages\/92\/revisions"}],"predecessor-version":[{"id":122,"href":"https:\/\/146.edukovac.xyz\/index.php\/wp-json\/wp\/v2\/pages\/92\/revisions\/122"}],"wp:attachment":[{"href":"https:\/\/146.edukovac.xyz\/index.php\/wp-json\/wp\/v2\/media?parent=92"}],"curies":[{"name":"wp","href":"https:\/\/api.w.org\/{rel}","templated":true}]}}